{"id":1560,"date":"2024-03-03T11:46:32","date_gmt":"2024-03-03T11:46:32","guid":{"rendered":"https:\/\/restfolio.themescamp.com\/restaurant-original\/?page_id=8"},"modified":"2024-07-25T16:57:03","modified_gmt":"2024-07-25T14:57:03","slug":"inicio","status":"publish","type":"page","link":"https:\/\/lacantinadevillalegre.es\/web\/","title":{"rendered":"Inicio"},"content":{"rendered":"\t\t<div data-elementor-type=\"wp-page\" data-elementor-id=\"1560\" class=\"elementor elementor-1560\">\n\t\t\t\t<div class=\"elementor-element elementor-element-a59e8f0 e-con-full e-flex e-con e-parent\" data-id=\"a59e8f0\" data-element_type=\"container\" data-settings=\"{&quot;background_background&quot;:&quot;classic&quot;,&quot;tc_dark_mode_responsive_hide_in_dark&quot;:&quot;no&quot;,&quot;tc_dark_mode_responsive_hide_in_light&quot;:&quot;no&quot;}\">\n\t\t<div class=\"elementor-element elementor-element-1c561a6 e-con-full e-flex e-con e-child\" data-id=\"1c561a6\" data-element_type=\"container\" data-settings=\"{&quot;tc_dark_mode_responsive_hide_in_dark&quot;:&quot;no&quot;,&quot;tc_dark_mode_responsive_hide_in_light&quot;:&quot;no&quot;}\">\n\t\t\t\t<div class=\"elementor-element elementor-element-0c89cd3 elementor-widget-mobile__width-inherit elementor-widget elementor-widget-restfolio-header-slider\" data-id=\"0c89cd3\" data-element_type=\"widget\" id=\"slider\" data-settings=\"{&quot;tc_dark_mode_responsive_hide_in_dark&quot;:&quot;no&quot;,&quot;tc_dark_mode_responsive_hide_in_light&quot;:&quot;no&quot;}\" data-widget_type=\"restfolio-header-slider.default\">\n\t\t\t\t<div class=\"elementor-widget-container\">\n\t\t\t        <div class=\"restfolio-header-slider\">\r\n            <div class=\"swiper-wrapper\">\r\n                            <div class=\"swiper-slide\">\r\n                    <div class=\"header-card\">\r\n                        <img decoding=\"async\" class=\"bg\" src=\"https:\/\/lacantinadevillalegre.es\/web\/wp-content\/uploads\/2024\/06\/437658778_1318048515800688_5177832789190084596_n-e1719662572931.jpg\" alt=\"\">\r\n                        <div class=\"container\">\r\n                            <div class=\"info\">\r\n                                <h2 class=\"title\"> \u00a1La mejor fabada del mundo se come aqu\u00ed! <\/h2>\r\n                                <div class=\"sub-title col-lg-6 mx-auto\"> Ganadores del Primer Premio La Mejor Fabada del Mundo 2024.  <\/div>\r\n                                <div class=\"btns\">\r\n                                    <a class=\"btn1\" href=\"https:\/\/lacantinadevillalegre.es\/web\/reconocimientos\/\" >Nuestros reconocimientos<\/a>\r\n                                    <a class=\"btn2\" href=\"\" ><\/a>\r\n                                <\/div>\r\n                            <\/div>\r\n                        <\/div>\r\n                    <\/div>\r\n                <\/div>\r\n                            <div class=\"swiper-slide\">\r\n                    <div class=\"header-card\">\r\n                        <img decoding=\"async\" class=\"bg\" src=\"https:\/\/lacantinadevillalegre.es\/web\/wp-content\/uploads\/2024\/07\/439208622_1325932568345616_4646989728999651019_n-e1719853107940.jpg\" alt=\"\">\r\n                        <div class=\"container\">\r\n                            <div class=\"info\">\r\n                                <h2 class=\"title\"> El sabor de la tradici\u00f3n se cocina a fuego lento <\/h2>\r\n                                <div class=\"sub-title col-lg-6 mx-auto\"> Las Ollas Ferroviarias: el secreto de nuestra cocina.  <\/div>\r\n                                <div class=\"btns\">\r\n                                    <a class=\"btn1\" href=\"https:\/\/lacantinadevillalegre.es\/web\/olla-ferroviaria\/\" >Conoce m\u00e1s<\/a>\r\n                                    <a class=\"btn2\" href=\"\" ><\/a>\r\n                                <\/div>\r\n                            <\/div>\r\n                        <\/div>\r\n                    <\/div>\r\n                <\/div>\r\n                        <\/div>\r\n            <div class=\"slider-controls df-center\">\r\n                <div class=\"swiper-prev\">\r\n                    <svg xmlns=\"http:\/\/www.w3.org\/2000\/svg\" viewBox=\"0 0 512 512\"><path d=\"M4.7 244.7c-6.2 6.2-6.2 16.4 0 22.6l144 144c6.2 6.2 16.4 6.2 22.6 0s6.2-16.4 0-22.6L54.6 272 496 272c8.8 0 16-7.2 16-16s-7.2-16-16-16L54.6 240 171.3 123.3c6.2-6.2 6.2-16.4 0-22.6s-16.4-6.2-22.6 0l-144 144z\"><\/path><\/svg>                <\/div>\r\n                <div class=\"swiper-pagination swiper-pagination-light\"><\/div>\r\n                <div class=\"swiper-next\">\r\n                    <svg xmlns=\"http:\/\/www.w3.org\/2000\/svg\" viewBox=\"0 0 512 512\"><path d=\"M507.3 267.3c6.2-6.2 6.2-16.4 0-22.6l-144-144c-6.2-6.2-16.4-6.2-22.6 0s-6.2 16.4 0 22.6L457.4 240 16 240c-8.8 0-16 7.2-16 16s7.2 16 16 16l441.4 0L340.7 388.7c-6.2 6.2-6.2 16.4 0 22.6s16.4 6.2 22.6 0l144-144z\"><\/path><\/svg>                <\/div>\r\n            <\/div>\r\n        <\/div>\r\n        \t\t<\/div>\n\t\t\t\t<\/div>\n\t\t\t\t<\/div>\n\t\t<div class=\"elementor-element elementor-element-307f56d e-con-full e-flex e-con e-child\" data-id=\"307f56d\" data-element_type=\"container\" data-settings=\"{&quot;tc_dark_mode_responsive_hide_in_dark&quot;:&quot;no&quot;,&quot;tc_dark_mode_responsive_hide_in_light&quot;:&quot;no&quot;}\">\n\t\t<div class=\"elementor-element elementor-element-2b97266 e-flex e-con-boxed e-con e-child\" data-id=\"2b97266\" data-element_type=\"container\" data-settings=\"{&quot;tc_dark_mode_responsive_hide_in_dark&quot;:&quot;no&quot;,&quot;tc_dark_mode_responsive_hide_in_light&quot;:&quot;no&quot;}\">\n\t\t\t\t\t<div class=\"e-con-inner\">\n\t\t<div class=\"elementor-element elementor-element-6c86e9e e-con-full e-flex e-con e-child\" data-id=\"6c86e9e\" data-element_type=\"container\" data-settings=\"{&quot;tc_dark_mode_responsive_hide_in_dark&quot;:&quot;no&quot;,&quot;tc_dark_mode_responsive_hide_in_light&quot;:&quot;no&quot;}\">\n\t\t\t\t<div class=\"elementor-element elementor-element-7f5b877 animated-slow elementor-invisible elementor-widget elementor-widget-heading\" data-id=\"7f5b877\" data-element_type=\"widget\" data-settings=\"{&quot;_animation&quot;:&quot;fadeIn&quot;,&quot;_animation_delay&quot;:200,&quot;tc_dark_mode_responsive_hide_in_dark&quot;:&quot;no&quot;,&quot;tc_dark_mode_responsive_hide_in_light&quot;:&quot;no&quot;}\" data-widget_type=\"heading.default\">\n\t\t\t\t<div class=\"elementor-widget-container\">\n\t\t\t<h2 class=\"elementor-heading-title elementor-size-default\">Bienvenidos a La Cantina de Villalegre<\/h2>\t\t<\/div>\n\t\t\t\t<\/div>\n\t\t\t\t<\/div>\n\t\t<div class=\"elementor-element elementor-element-c71aa0d e-con-full animated-slow e-flex elementor-invisible e-con e-child\" data-id=\"c71aa0d\" data-element_type=\"container\" data-settings=\"{&quot;animation&quot;:&quot;fadeIn&quot;,&quot;animation_delay&quot;:200,&quot;tc_dark_mode_responsive_hide_in_dark&quot;:&quot;no&quot;,&quot;tc_dark_mode_responsive_hide_in_light&quot;:&quot;no&quot;}\">\n\t\t<div class=\"elementor-element elementor-element-afaf889 e-con-full e-flex e-con e-child\" data-id=\"afaf889\" data-element_type=\"container\" data-settings=\"{&quot;tc_dark_mode_responsive_hide_in_dark&quot;:&quot;no&quot;,&quot;tc_dark_mode_responsive_hide_in_light&quot;:&quot;no&quot;}\">\n\t\t\t\t<div class=\"elementor-element elementor-element-a27e015 elementor-widget elementor-widget-image\" data-id=\"a27e015\" data-element_type=\"widget\" data-settings=\"{&quot;tc_dark_mode_responsive_hide_in_dark&quot;:&quot;no&quot;,&quot;tc_dark_mode_responsive_hide_in_light&quot;:&quot;no&quot;}\" data-widget_type=\"image.default\">\n\t\t\t\t<div class=\"elementor-widget-container\">\n\t\t\t\t\t\t\t\t\t\t\t\t\t<img fetchpriority=\"high\" decoding=\"async\" width=\"1080\" height=\"1080\" src=\"https:\/\/lacantinadevillalegre.es\/web\/wp-content\/uploads\/2024\/06\/443824035_1344498369822369_585760038416558243_n.jpg\" class=\"attachment-full size-full wp-image-1574\" alt=\"\" \/>\t\t\t\t\t\t\t\t\t\t\t\t\t<\/div>\n\t\t\t\t<\/div>\n\t\t\t\t<\/div>\n\t\t<div class=\"elementor-element elementor-element-609a120 e-con-full e-flex e-con e-child\" data-id=\"609a120\" data-element_type=\"container\" data-settings=\"{&quot;tc_dark_mode_responsive_hide_in_dark&quot;:&quot;no&quot;,&quot;tc_dark_mode_responsive_hide_in_light&quot;:&quot;no&quot;}\">\n\t\t\t\t<div class=\"elementor-element elementor-element-746a4d2 elementor-widget elementor-widget-heading\" data-id=\"746a4d2\" data-element_type=\"widget\" data-settings=\"{&quot;tc_dark_mode_responsive_hide_in_dark&quot;:&quot;no&quot;,&quot;tc_dark_mode_responsive_hide_in_light&quot;:&quot;no&quot;}\" data-widget_type=\"heading.default\">\n\t\t\t\t<div class=\"elementor-widget-container\">\n\t\t\t<h2 class=\"elementor-heading-title elementor-size-default\">\u00a1Bienvenidos a la nueva p\u00e1gina web de La Cantina de Villalegre! Aqu\u00ed podr\u00e1s conocer m\u00e1s sobre nuestro proyecto, descubrir a nuestra Chef Pilar Meana, explorar nuestros logros y reconocimientos, y encontrar toda la informaci\u00f3n sobre nuestros servicios. <br>\u00a1Nos alegra\u00a0que\u00a0est\u00e9s\u00a0aqu\u00ed!<\/h2>\t\t<\/div>\n\t\t\t\t<\/div>\n\t\t\t\t<\/div>\n\t\t\t\t<\/div>\n\t\t\t\t\t<\/div>\n\t\t\t\t<\/div>\n\t\t\t\t<div class=\"elementor-element elementor-element-c5f581e elementor-widget__width-inherit elementor-absolute elementor-widget elementor-widget-image\" data-id=\"c5f581e\" data-element_type=\"widget\" data-settings=\"{&quot;_position&quot;:&quot;absolute&quot;,&quot;tc_dark_mode_responsive_hide_in_dark&quot;:&quot;no&quot;,&quot;tc_dark_mode_responsive_hide_in_light&quot;:&quot;no&quot;}\" data-widget_type=\"image.default\">\n\t\t\t\t<div class=\"elementor-widget-container\">\n\t\t\t\t\t\t\t\t\t\t\t\t\t<img decoding=\"async\" width=\"1161\" height=\"965\" src=\"https:\/\/lacantinadevillalegre.es\/web\/wp-content\/uploads\/2024\/06\/formasinicio.png\" class=\"attachment-full size-full wp-image-1578\" alt=\"\" \/>\t\t\t\t\t\t\t\t\t\t\t\t\t<\/div>\n\t\t\t\t<\/div>\n\t\t\t\t<\/div>\n\t\t<div class=\"elementor-element elementor-element-d178b27 e-con-full e-flex e-con e-child\" data-id=\"d178b27\" data-element_type=\"container\" data-settings=\"{&quot;tc_dark_mode_responsive_hide_in_dark&quot;:&quot;no&quot;,&quot;tc_dark_mode_responsive_hide_in_light&quot;:&quot;no&quot;}\">\n\t\t\t\t<div class=\"elementor-element elementor-element-a39cd81 elementor-widget elementor-widget-restfolio-services-gallery\" data-id=\"a39cd81\" data-element_type=\"widget\" data-settings=\"{&quot;tc_dark_mode_responsive_hide_in_dark&quot;:&quot;no&quot;,&quot;tc_dark_mode_responsive_hide_in_light&quot;:&quot;no&quot;}\" data-widget_type=\"restfolio-services-gallery.default\">\n\t\t\t\t<div class=\"elementor-widget-container\">\n\t\t\t        <div class=\"restfolio-services-gallery\">\n            <div class=\"container\">\n                                <div class=\"cards\">\n                    <div class=\"row gx-0\">\n                                            <div class=\"col-lg-3\">\n                            <div href=\"#\" class=\"service-card\" data-tab=\"tab-1\" target=\"_blank\">\n                                <div class=\"icon\">\n                                    <img decoding=\"async\" src=\"https:\/\/lacantinadevillalegre.es\/web\/wp-content\/uploads\/2024\/07\/icon_creaciones_150px.svg\" alt=\"\">\n                                <\/div>\n                                <h5 class=\"title\"> Nuestras creaciones <\/h5>\n                                <div class=\"description\"> Platos y tapas premiados y reconocidos. En nuestra carta encontrar\u00e1s aut\u00e9nticas joyas que te cautivar\u00e1n. <\/div>\n                                <span class=\"more-btn\">  <\/span>\n                            <\/div>\n                        <\/div>\n                                            <div class=\"col-lg-3\">\n                            <div href=\"#\" class=\"service-card\" data-tab=\"tab-2\" target=\"_blank\">\n                                <div class=\"icon\">\n                                    <img decoding=\"async\" src=\"https:\/\/lacantinadevillalegre.es\/web\/wp-content\/uploads\/2024\/07\/icon_putxeras_150px.svg\" alt=\"\">\n                                <\/div>\n                                <h5 class=\"title\"> Putxeras <\/h5>\n                                <div class=\"description\"> Los mejores platos de cuchara, elaborados al calor del carb\u00f3n en nuestras ollas ferroviarias. <\/div>\n                                <span class=\"more-btn\">  <\/span>\n                            <\/div>\n                        <\/div>\n                                            <div class=\"col-lg-3\">\n                            <div href=\"#\" class=\"service-card\" data-tab=\"tab-3\" target=\"_blank\">\n                                <div class=\"icon\">\n                                    <img decoding=\"async\" src=\"https:\/\/lacantinadevillalegre.es\/web\/wp-content\/uploads\/2024\/07\/icon_pescados_150px.svg\" alt=\"\">\n                                <\/div>\n                                <h5 class=\"title\"> Pescados de confianza <\/h5>\n                                <div class=\"description\"> Desde la Rula de Avil\u00e9s hasta la mesa de La Cantina, apostamos por el mejor producto\u00a0de\u00a0proximidad. <\/div>\n                                <span class=\"more-btn\">  <\/span>\n                            <\/div>\n                        <\/div>\n                                            <div class=\"col-lg-3\">\n                            <div href=\"#\" class=\"service-card\" data-tab=\"tab-4\" target=\"_blank\">\n                                <div class=\"icon\">\n                                    <img decoding=\"async\" src=\"https:\/\/lacantinadevillalegre.es\/web\/wp-content\/uploads\/2024\/07\/icon_postres_150px.svg\" alt=\"\">\n                                <\/div>\n                                <h5 class=\"title\"> Postres <\/h5>\n                                <div class=\"description\"> Siempre hay que dejar hueco para nuestros postres caseros... \u00a1Te sorprender\u00e1n! <\/div>\n                                <span class=\"more-btn\">  <\/span>\n                            <\/div>\n                        <\/div>\n                                        <\/div>\n                <\/div>\n            <\/div>\n            <div class=\"glry-img\">\n                            <img decoding=\"async\" id=\"tab-1\" class=\"tab-img current\" src=\"https:\/\/lacantinadevillalegre.es\/web\/wp-content\/uploads\/2024\/07\/347289146_1141220590150149_5059738379503998246_n-e1721736926839.jpg\" alt=\"\">\n                            <img decoding=\"async\" id=\"tab-2\" class=\"tab-img\" src=\"https:\/\/lacantinadevillalegre.es\/web\/wp-content\/uploads\/2024\/07\/331707283_3447171855538832_4334287787952544441_n-e1721737831146.jpg\" alt=\"\">\n                            <img decoding=\"async\" id=\"tab-3\" class=\"tab-img\" src=\"https:\/\/lacantinadevillalegre.es\/web\/wp-content\/uploads\/2024\/07\/421832035_1267062957565911_2994224668896450404_n-e1721737490407.jpg\" alt=\"\">\n                            <img decoding=\"async\" id=\"tab-4\" class=\"tab-img\" src=\"https:\/\/lacantinadevillalegre.es\/web\/wp-content\/uploads\/2024\/07\/302495989_2329839973836498_6662907093662092460_n-e1721737861952.jpg\" alt=\"\">\n                        <\/div>\n        <\/div>\n        \t\t<\/div>\n\t\t\t\t<\/div>\n\t\t\t\t<\/div>\n\t\t<div class=\"elementor-element elementor-element-0816426 e-con-full e-flex e-con e-child\" data-id=\"0816426\" data-element_type=\"container\" id=\"pilarmeana\" data-settings=\"{&quot;tc_dark_mode_responsive_hide_in_dark&quot;:&quot;no&quot;,&quot;tc_dark_mode_responsive_hide_in_light&quot;:&quot;no&quot;}\">\n\t\t<div class=\"elementor-element elementor-element-d464844 e-flex e-con-boxed e-con e-child\" data-id=\"d464844\" data-element_type=\"container\" data-settings=\"{&quot;tc_dark_mode_responsive_hide_in_dark&quot;:&quot;no&quot;,&quot;tc_dark_mode_responsive_hide_in_light&quot;:&quot;no&quot;}\">\n\t\t\t\t\t<div class=\"e-con-inner\">\n\t\t\t\t<div class=\"elementor-element elementor-element-3d17b44 elementor-widget elementor-widget-heading\" data-id=\"3d17b44\" data-element_type=\"widget\" data-settings=\"{&quot;tc_dark_mode_responsive_hide_in_dark&quot;:&quot;no&quot;,&quot;tc_dark_mode_responsive_hide_in_light&quot;:&quot;no&quot;}\" data-widget_type=\"heading.default\">\n\t\t\t\t<div class=\"elementor-widget-container\">\n\t\t\t<h2 class=\"elementor-heading-title elementor-size-default\">Conoce a nuestra chef: Pilar Meana<\/h2>\t\t<\/div>\n\t\t\t\t<\/div>\n\t\t<div class=\"elementor-element elementor-element-c1c30ba e-con-full e-flex e-con e-child\" data-id=\"c1c30ba\" data-element_type=\"container\" data-settings=\"{&quot;tc_dark_mode_responsive_hide_in_dark&quot;:&quot;no&quot;,&quot;tc_dark_mode_responsive_hide_in_light&quot;:&quot;no&quot;}\">\n\t\t<div class=\"elementor-element elementor-element-7d07e83 e-con-full animated-slow e-flex elementor-invisible e-con e-child\" data-id=\"7d07e83\" data-element_type=\"container\" data-settings=\"{&quot;animation&quot;:&quot;fadeIn&quot;,&quot;animation_delay&quot;:600,&quot;tc_dark_mode_responsive_hide_in_dark&quot;:&quot;no&quot;,&quot;tc_dark_mode_responsive_hide_in_light&quot;:&quot;no&quot;}\">\n\t\t\t\t<div class=\"elementor-element elementor-element-35ddd39 elementor-widget-mobile__width-inherit elementor-widget elementor-widget-image\" data-id=\"35ddd39\" data-element_type=\"widget\" data-settings=\"{&quot;tc_dark_mode_responsive_hide_in_dark&quot;:&quot;no&quot;,&quot;tc_dark_mode_responsive_hide_in_light&quot;:&quot;no&quot;}\" data-widget_type=\"image.default\">\n\t\t\t\t<div class=\"elementor-widget-container\">\n\t\t\t\t\t\t\t\t\t\t\t\t\t<img decoding=\"async\" width=\"1080\" height=\"1080\" src=\"https:\/\/lacantinadevillalegre.es\/web\/wp-content\/uploads\/2024\/07\/PilarMeana.png\" class=\"attachment-full size-full wp-image-1667\" alt=\"\" \/>\t\t\t\t\t\t\t\t\t\t\t\t\t<\/div>\n\t\t\t\t<\/div>\n\t\t\t\t<\/div>\n\t\t<div class=\"elementor-element elementor-element-e6ce7d9 e-con-full e-flex e-con e-child\" data-id=\"e6ce7d9\" data-element_type=\"container\" data-settings=\"{&quot;tc_dark_mode_responsive_hide_in_dark&quot;:&quot;no&quot;,&quot;tc_dark_mode_responsive_hide_in_light&quot;:&quot;no&quot;}\">\n\t\t<div class=\"elementor-element elementor-element-c91d895 e-con-full animated-slow e-flex elementor-invisible e-con e-child\" data-id=\"c91d895\" data-element_type=\"container\" data-settings=\"{&quot;animation&quot;:&quot;fadeIn&quot;,&quot;animation_delay&quot;:400,&quot;tc_dark_mode_responsive_hide_in_dark&quot;:&quot;no&quot;,&quot;tc_dark_mode_responsive_hide_in_light&quot;:&quot;no&quot;}\">\n\t\t\t\t<div class=\"elementor-element elementor-element-938ac9d elementor-widget elementor-widget-heading\" data-id=\"938ac9d\" data-element_type=\"widget\" data-settings=\"{&quot;tc_dark_mode_responsive_hide_in_dark&quot;:&quot;no&quot;,&quot;tc_dark_mode_responsive_hide_in_light&quot;:&quot;no&quot;}\" data-widget_type=\"heading.default\">\n\t\t\t\t<div class=\"elementor-widget-container\">\n\t\t\t<h2 class=\"elementor-heading-title elementor-size-default\">\u00a1Hola! Soy Pilar Meana, una amante de los sabores aut\u00e9nticos y una ferviente creyente en que la cocina es un camino lleno de descubrimientos y emociones. Puede que me llamen chef, pero siempre me considerar\u00e9 una eterna aprendiz en este fascinante mundo gastron\u00f3mico.\n<br>\nEn los \u00faltimos a\u00f1os, he tenido el privilegio de ver c\u00f3mo mis creaciones han encontrado su camino en los corazones y paladares de muchos. Los medios de comunicaci\u00f3n y los concursos gastron\u00f3micos de renombre regional han extendido mi historia, pero siempre mantengo mis ra\u00edces humildes y mi amor por la cocina de toda la vida.\n<br>\nSoy autodidacta, alguien que aprendi\u00f3 cada t\u00e9cnica y cada sabor a trav\u00e9s de la pasi\u00f3n y la pr\u00e1ctica constante. Cada plato que preparo es un tributo a las tradiciones que me han formado, pero tambi\u00e9n es una expresi\u00f3n de mi propia evoluci\u00f3n en el arte culinario.\n<br>\nLa cocina tradicional evolutiva es mi mantra. Creo en el poder de los ingredientes locales y frescos, en la magia de los m\u00e9todos ancestrales combinados con un toque moderno. Mi misi\u00f3n es transportarte en el tiempo a trav\u00e9s de cada bocado, llev\u00e1ndote a una experiencia que se siente como un abrazo de la memoria.\n<br>\nSoy una apasionada defensora de la cocina que cuenta historias, que une a las personas y que crea recuerdos que perduran en el tiempo. Siempre estar\u00e9 aqu\u00ed, en el coraz\u00f3n de la cocina, comprometida a llevar hasta tu mesa la autenticidad y el amor que infundo en cada plato.\n<br>\nBienvenidos a mi mundo de sabores, emociones y tradici\u00f3n en constante movimiento.\n<br>\u00a1Nos vemos alrededor de la mesa!\n<br>\nCon gratitud y sabor.\n<\/h2>\t\t<\/div>\n\t\t\t\t<\/div>\n\t\t\t\t<div class=\"elementor-element elementor-element-abd8c77 elementor-widget elementor-widget-image\" data-id=\"abd8c77\" data-element_type=\"widget\" data-settings=\"{&quot;tc_dark_mode_responsive_hide_in_dark&quot;:&quot;no&quot;,&quot;tc_dark_mode_responsive_hide_in_light&quot;:&quot;no&quot;}\" data-widget_type=\"image.default\">\n\t\t\t\t<div class=\"elementor-widget-container\">\n\t\t\t\t\t\t\t\t\t\t\t\t\t<img decoding=\"async\" src=\"https:\/\/lacantinadevillalegre.es\/web\/wp-content\/uploads\/elementor\/thumbs\/firmaPiliblanco-qqizhyapujz0gt6d62bfqvhfxs6091lx3wzm6pw9gc.png\" title=\"firmaPiliblanco\" alt=\"firmaPiliblanco\" loading=\"lazy\" \/>\t\t\t\t\t\t\t\t\t\t\t\t\t<\/div>\n\t\t\t\t<\/div>\n\t\t\t\t<\/div>\n\t\t\t\t<\/div>\n\t\t\t\t<\/div>\n\t\t\t\t\t<\/div>\n\t\t\t\t<\/div>\n\t\t\t\t<\/div>\n\t\t<div class=\"elementor-element elementor-element-bafc758 e-con-full e-flex e-con e-child\" data-id=\"bafc758\" data-element_type=\"container\" data-settings=\"{&quot;tc_dark_mode_responsive_hide_in_dark&quot;:&quot;no&quot;,&quot;tc_dark_mode_responsive_hide_in_light&quot;:&quot;no&quot;}\">\n\t\t\t\t<div class=\"elementor-element elementor-element-6d284c2 elementor-widget elementor-widget-image\" data-id=\"6d284c2\" data-element_type=\"widget\" data-settings=\"{&quot;tc_dark_mode_responsive_hide_in_dark&quot;:&quot;no&quot;,&quot;tc_dark_mode_responsive_hide_in_light&quot;:&quot;no&quot;}\" data-widget_type=\"image.default\">\n\t\t\t\t<div class=\"elementor-widget-container\">\n\t\t\t\t\t\t\t\t\t\t\t\t\t<img loading=\"lazy\" decoding=\"async\" width=\"2560\" height=\"1920\" src=\"https:\/\/lacantinadevillalegre.es\/web\/wp-content\/uploads\/2024\/07\/cantina_exterior-scaled.jpeg\" class=\"attachment-full size-full wp-image-1964\" alt=\"\" \/>\t\t\t\t\t\t\t\t\t\t\t\t\t<\/div>\n\t\t\t\t<\/div>\n\t\t\t\t<div class=\"elementor-element elementor-element-87aa0be elementor-absolute e-transform elementor-widget elementor-widget-restfolio-button-animate\" data-id=\"87aa0be\" data-element_type=\"widget\" data-settings=\"{&quot;_position&quot;:&quot;absolute&quot;,&quot;_transform_translateX_effect&quot;:{&quot;unit&quot;:&quot;%&quot;,&quot;size&quot;:-50,&quot;sizes&quot;:[]},&quot;_transform_translateX_effect_tablet&quot;:{&quot;unit&quot;:&quot;%&quot;,&quot;size&quot;:&quot;&quot;,&quot;sizes&quot;:[]},&quot;_transform_translateX_effect_mobile&quot;:{&quot;unit&quot;:&quot;%&quot;,&quot;size&quot;:&quot;&quot;,&quot;sizes&quot;:[]},&quot;_transform_translateY_effect&quot;:{&quot;unit&quot;:&quot;%&quot;,&quot;size&quot;:-50,&quot;sizes&quot;:[]},&quot;_transform_translateY_effect_tablet&quot;:{&quot;unit&quot;:&quot;%&quot;,&quot;size&quot;:&quot;&quot;,&quot;sizes&quot;:[]},&quot;_transform_translateY_effect_mobile&quot;:{&quot;unit&quot;:&quot;%&quot;,&quot;size&quot;:&quot;&quot;,&quot;sizes&quot;:[]},&quot;tc_dark_mode_responsive_hide_in_dark&quot;:&quot;no&quot;,&quot;tc_dark_mode_responsive_hide_in_light&quot;:&quot;no&quot;}\" data-widget_type=\"restfolio-button-animate.default\">\n\t\t\t\t<div class=\"elementor-widget-container\">\n\t\t\t\r\n\t\t<a href=\"https:\/\/youtu.be\/BcmTx829tIM\"  class=\"restfolio-button \" data-lity=&quot;video&quot;>\r\n\t\t\t<span class=\"restfolio-button-content-wrapper\">\r\n\t\t\t\t\t\t\t\t\t<span class=\"restfolio-button-icon restfolio-align-icon-left hover-animation-none\">\r\n\t\t\t\t\t\t<svg aria-hidden=\"true\" class=\"e-font-icon-svg e-fas-play\" viewBox=\"0 0 448 512\" xmlns=\"http:\/\/www.w3.org\/2000\/svg\"><path d=\"M424.4 214.7L72.4 6.6C43.8-10.3 0 6.1 0 47.9V464c0 37.5 40.7 60.1 72.4 41.3l352-208c31.4-18.5 31.5-64.1 0-82.6z\"><\/path><\/svg>\t\t\t\t\t<\/span>\r\n\t\t\t\t                \t\t\t\t<span class=\"restfolio-button-text\">\r\n\t\t\t\t\t\t\t\t\t<\/span>\r\n                \t\t\t\t\t\t\t<\/span>\r\n\t\t<\/a>\r\n\r\n\t\t<\/div>\n\t\t\t\t<\/div>\n\t\t<div class=\"elementor-element elementor-element-56e7c71 e-con-full e-flex e-con e-child\" data-id=\"56e7c71\" data-element_type=\"container\" data-settings=\"{&quot;position&quot;:&quot;absolute&quot;,&quot;tc_dark_mode_responsive_hide_in_dark&quot;:&quot;no&quot;,&quot;tc_dark_mode_responsive_hide_in_light&quot;:&quot;no&quot;}\">\n\t\t\t\t<\/div>\n\t\t\t\t<\/div>\n\t\t<div class=\"elementor-element elementor-element-f6b7bf3 e-con-full animated-slow e-flex elementor-invisible e-con e-child\" data-id=\"f6b7bf3\" data-element_type=\"container\" data-settings=\"{&quot;animation&quot;:&quot;fadeIn&quot;,&quot;animation_delay&quot;:200,&quot;tc_dark_mode_responsive_hide_in_dark&quot;:&quot;no&quot;,&quot;tc_dark_mode_responsive_hide_in_light&quot;:&quot;no&quot;}\">\n\t\t\t\t<\/div>\n\t\t\t\t<\/div>\n\t\t\t\t<\/div>\n\t\t","protected":false},"excerpt":{"rendered":"<p>\u00a1La mejor fabada del mundo se come aqu\u00ed! Ganadores del Primer Premio La Mejor Fabada del Mundo 2024. Nuestros reconocimientos El sabor de la tradici\u00f3n se cocina a fuego lento Las Ollas Ferroviarias: el secreto de nuestra cocina. Conoce m\u00e1s Bienvenidos a La Cantina de Villalegre \u00a1Bienvenidos a la nueva p\u00e1gina web de La Cantina de Villalegre! Aqu\u00ed podr\u00e1s conocer &hellip;<\/p>\n","protected":false},"author":1,"featured_media":0,"parent":0,"menu_order":0,"comment_status":"closed","ping_status":"closed","template":"blank-builder.php","meta":{"_monsterinsights_skip_tracking":false,"_monsterinsights_sitenote_active":false,"_monsterinsights_sitenote_note":"","_monsterinsights_sitenote_category":0,"footnotes":""},"class_list":["post-1560","page","type-page","status-publish","hentry"],"aioseo_notices":[],"_links":{"self":[{"href":"https:\/\/lacantinadevillalegre.es\/web\/wp-json\/wp\/v2\/pages\/1560","targetHints":{"allow":["GET"]}}],"collection":[{"href":"https:\/\/lacantinadevillalegre.es\/web\/wp-json\/wp\/v2\/pages"}],"about":[{"href":"https:\/\/lacantinadevillalegre.es\/web\/wp-json\/wp\/v2\/types\/page"}],"author":[{"embeddable":true,"href":"https:\/\/lacantinadevillalegre.es\/web\/wp-json\/wp\/v2\/users\/1"}],"replies":[{"embeddable":true,"href":"https:\/\/lacantinadevillalegre.es\/web\/wp-json\/wp\/v2\/comments?post=1560"}],"version-history":[{"count":100,"href":"https:\/\/lacantinadevillalegre.es\/web\/wp-json\/wp\/v2\/pages\/1560\/revisions"}],"predecessor-version":[{"id":2088,"href":"https:\/\/lacantinadevillalegre.es\/web\/wp-json\/wp\/v2\/pages\/1560\/revisions\/2088"}],"wp:attachment":[{"href":"https:\/\/lacantinadevillalegre.es\/web\/wp-json\/wp\/v2\/media?parent=1560"}],"curies":[{"name":"wp","href":"https:\/\/api.w.org\/{rel}","templated":true}]}}