{"id":1741,"date":"2024-07-16T12:47:06","date_gmt":"2024-07-16T10:47:06","guid":{"rendered":"https:\/\/lacantinadevillalegre.es\/web\/?page_id=1741"},"modified":"2024-11-20T11:13:42","modified_gmt":"2024-11-20T10:13:42","slug":"olla-ferroviaria","status":"publish","type":"page","link":"https:\/\/lacantinadevillalegre.es\/web\/olla-ferroviaria\/","title":{"rendered":"Olla Ferroviaria"},"content":{"rendered":"\t\t<div data-elementor-type=\"wp-page\" data-elementor-id=\"1741\" class=\"elementor elementor-1741\">\n\t\t\t\t<div class=\"elementor-element elementor-element-723d6567 e-con-full e-flex e-con e-parent\" data-id=\"723d6567\" data-element_type=\"container\" data-settings=\"{&quot;background_background&quot;:&quot;classic&quot;,&quot;tc_dark_mode_responsive_hide_in_dark&quot;:&quot;no&quot;,&quot;tc_dark_mode_responsive_hide_in_light&quot;:&quot;no&quot;}\">\n\t\t<div class=\"elementor-element elementor-element-15b43d69 e-con-full e-flex e-con e-child\" data-id=\"15b43d69\" data-element_type=\"container\" data-settings=\"{&quot;background_background&quot;:&quot;classic&quot;,&quot;tc_dark_mode_responsive_hide_in_dark&quot;:&quot;no&quot;,&quot;tc_dark_mode_responsive_hide_in_light&quot;:&quot;no&quot;}\">\n\t\t<div class=\"elementor-element elementor-element-52156189 e-flex e-con-boxed e-con e-child\" data-id=\"52156189\" data-element_type=\"container\" data-settings=\"{&quot;tc_dark_mode_responsive_hide_in_dark&quot;:&quot;no&quot;,&quot;tc_dark_mode_responsive_hide_in_light&quot;:&quot;no&quot;}\">\n\t\t\t\t\t<div class=\"e-con-inner\">\n\t\t<div class=\"elementor-element elementor-element-1000677f e-con-full e-flex e-con e-child\" data-id=\"1000677f\" data-element_type=\"container\" data-settings=\"{&quot;tc_dark_mode_responsive_hide_in_dark&quot;:&quot;no&quot;,&quot;tc_dark_mode_responsive_hide_in_light&quot;:&quot;no&quot;}\">\n\t\t<div class=\"elementor-element elementor-element-3682ba8c e-con-full e-flex e-con e-child\" data-id=\"3682ba8c\" data-element_type=\"container\" data-settings=\"{&quot;tc_dark_mode_responsive_hide_in_dark&quot;:&quot;no&quot;,&quot;tc_dark_mode_responsive_hide_in_light&quot;:&quot;no&quot;}\">\n\t\t\t\t<div class=\"elementor-element elementor-element-58cf1aeb animated-slow elementor-invisible elementor-widget elementor-widget-heading\" data-id=\"58cf1aeb\" data-element_type=\"widget\" data-settings=\"{&quot;_animation&quot;:&quot;fadeInUp&quot;,&quot;_animation_delay&quot;:200,&quot;tc_dark_mode_responsive_hide_in_dark&quot;:&quot;no&quot;,&quot;tc_dark_mode_responsive_hide_in_light&quot;:&quot;no&quot;}\" data-widget_type=\"heading.default\">\n\t\t\t\t<div class=\"elementor-widget-container\">\n\t\t\t<h2 class=\"elementor-heading-title elementor-size-default\">\u00bfQu\u00e9 es la Olla Ferroviaria?<\/h2>\t\t<\/div>\n\t\t\t\t<\/div>\n\t\t<div class=\"elementor-element elementor-element-29291cf5 e-con-full e-flex e-con e-child\" data-id=\"29291cf5\" data-element_type=\"container\" data-settings=\"{&quot;tc_dark_mode_responsive_hide_in_dark&quot;:&quot;no&quot;,&quot;tc_dark_mode_responsive_hide_in_light&quot;:&quot;no&quot;}\">\n\t\t<div class=\"elementor-element elementor-element-f66ef4b e-con-full animated-slow e-flex elementor-invisible e-con e-child\" data-id=\"f66ef4b\" data-element_type=\"container\" data-settings=\"{&quot;animation&quot;:&quot;fadeInUp&quot;,&quot;animation_delay&quot;:300,&quot;tc_dark_mode_responsive_hide_in_dark&quot;:&quot;no&quot;,&quot;tc_dark_mode_responsive_hide_in_light&quot;:&quot;no&quot;}\">\n\t\t\t\t<div class=\"elementor-element elementor-element-6bacad8 elementor-widget elementor-widget-text-editor\" data-id=\"6bacad8\" data-element_type=\"widget\" data-settings=\"{&quot;tc_dark_mode_responsive_hide_in_dark&quot;:&quot;no&quot;,&quot;tc_dark_mode_responsive_hide_in_light&quot;:&quot;no&quot;}\" data-widget_type=\"text-editor.default\">\n\t\t\t\t<div class=\"elementor-widget-container\">\n\t\t\t\t\t\t\t<p><span style=\"color: #b5b5b5;\"><strong>La Olla Ferroviaria<\/strong> se conoce como un artilugio rudimentario de metal que daba de comer a los ferroviarios de La Robla, que se convert\u00edan en cocineros de lujo a pie de and\u00e9n, en la estaci\u00f3n de 1\u00aa categor\u00eda de Mataporquera.<\/span><\/p><p><span style=\"color: #b5b5b5;\">Fue en el tren de La Robla (Ferrocarril Bilbao-La Robla), inaugurado en 1894, donde se guis\u00f3 la\u00a0<strong>primera olla ferroviaria<\/strong>\u00a0por parte de los sufridos maquinistas, fogoneros y guardafrenos de la \u00e9poca. En un trayecto tan largo como el Bilbao-Le\u00f3n, el mayor de Europa de v\u00eda estrecha, con locomotoras de vapor, recorriendo una zona de Espa\u00f1a austera y en una \u00e9poca en la que la restauraci\u00f3n brillaba por su ausencia, no quedaba mas remedio que buscarse la vida para comer caliente, bien y de forma econ\u00f3mica.<\/span><\/p>\t\t\t\t\t\t<\/div>\n\t\t\t\t<\/div>\n\t\t\t\t<\/div>\n\t\t\t\t<\/div>\n\t\t\t\t<div class=\"elementor-element elementor-element-13f670ef elementor-widget elementor-widget-image\" data-id=\"13f670ef\" data-element_type=\"widget\" data-settings=\"{&quot;tc_dark_mode_responsive_hide_in_dark&quot;:&quot;no&quot;,&quot;tc_dark_mode_responsive_hide_in_light&quot;:&quot;no&quot;}\" data-widget_type=\"image.default\">\n\t\t\t\t<div class=\"elementor-widget-container\">\n\t\t\t\t\t\t\t\t\t\t\t\t\t<img fetchpriority=\"high\" decoding=\"async\" width=\"2000\" height=\"1126\" src=\"https:\/\/lacantinadevillalegre.es\/web\/wp-content\/uploads\/2024\/07\/disen-o-sin-ti-tulo-2022-10-20t223704-534.jpeg\" class=\"attachment-full size-full wp-image-1854\" alt=\"\" \/>\t\t\t\t\t\t\t\t\t\t\t\t\t<\/div>\n\t\t\t\t<\/div>\n\t\t<div class=\"elementor-element elementor-element-b7b6abd e-con-full animated-slow e-flex elementor-invisible e-con e-child\" data-id=\"b7b6abd\" data-element_type=\"container\" data-settings=\"{&quot;animation&quot;:&quot;fadeInUp&quot;,&quot;animation_delay&quot;:300,&quot;tc_dark_mode_responsive_hide_in_dark&quot;:&quot;no&quot;,&quot;tc_dark_mode_responsive_hide_in_light&quot;:&quot;no&quot;}\">\n\t\t\t\t<div class=\"elementor-element elementor-element-eee9613 elementor-hidden-desktop elementor-widget elementor-widget-text-editor\" data-id=\"eee9613\" data-element_type=\"widget\" data-settings=\"{&quot;tc_dark_mode_responsive_hide_in_dark&quot;:&quot;no&quot;,&quot;tc_dark_mode_responsive_hide_in_light&quot;:&quot;no&quot;}\" data-widget_type=\"text-editor.default\">\n\t\t\t\t<div class=\"elementor-widget-container\">\n\t\t\t\t\t\t\t<p>La\u00a0<strong>Olla Ferroviaria<\/strong>\u00a0o\u00a0<strong>Puchera Ferroviaria<\/strong>\u00a0consiste en un puchero de porcelana o cazuela de barro con tapa, abrazado en su parte alta por un collar\u00edn con asas.<\/p><p><img decoding=\"async\" class=\"size-medium wp-image-1851 aligncenter\" src=\"https:\/\/lacantinadevillalegre.es\/web\/wp-content\/uploads\/2024\/07\/Olla_ferroviaria-300x291.jpg\" alt=\"\" width=\"300\" height=\"291\" \/><\/p><p>El cuerpo externo de la ollas ferroviarias es un cilindro al que se aplican varias inserciones: Una ventana en la parte m\u00e1s baja como tiro principal, una serie de perforaciones en la parte m\u00e1s alta para la salida de humos, un asa para su transporte y normalmente 3 patas para una correcta sujeci\u00f3n.<\/p><p><img decoding=\"async\" class=\"size-medium wp-image-1852 aligncenter\" src=\"https:\/\/lacantinadevillalegre.es\/web\/wp-content\/uploads\/2024\/07\/imagen-producto-olla-ferroviaria-1-300x300.webp\" alt=\"\" width=\"300\" height=\"300\" \/><\/p><p>El fondo de este cilindro esta rematado por un cono con perforaciones y una parrilla donde se produce la combusti\u00f3n del carb\u00f3n para facilitar el tiro y la evacuaci\u00f3n de cenizas.<\/p><p><img loading=\"lazy\" decoding=\"async\" class=\"size-medium wp-image-1853 aligncenter\" src=\"https:\/\/lacantinadevillalegre.es\/web\/wp-content\/uploads\/2024\/07\/product-115-80-300x300.png\" alt=\"\" width=\"300\" height=\"300\" \/><\/p><p>El puchero tomado por las asas del collar\u00edn se introduce en este cuerpo externo, quedando suspendido. As\u00ed el aire caliente de la combusti\u00f3n del carb\u00f3n est\u00e1 en contacto con el fondo y todo el contorno del puchero, antes de salir al exterior por las perforaciones de la parte alta.<br \/>El puchero rodeado de aire caliente a temperatura constante y no muy elevada, realiza una cocci\u00f3n lenta y garantiza el \u00e9xito culinario de las\u00a0<strong>Ollas Ferroviarias<\/strong>.<\/p>\t\t\t\t\t\t<\/div>\n\t\t\t\t<\/div>\n\t\t\t\t<div class=\"elementor-element elementor-element-88f114b elementor-hidden-tablet elementor-hidden-mobile elementor-widget elementor-widget-text-editor\" data-id=\"88f114b\" data-element_type=\"widget\" data-settings=\"{&quot;tc_dark_mode_responsive_hide_in_dark&quot;:&quot;no&quot;,&quot;tc_dark_mode_responsive_hide_in_light&quot;:&quot;no&quot;}\" data-widget_type=\"text-editor.default\">\n\t\t\t\t<div class=\"elementor-widget-container\">\n\t\t\t\t\t\t\t<p>La\u00a0<strong>Olla Ferroviaria<\/strong>\u00a0o\u00a0<strong>Puchera Ferroviaria<\/strong>\u00a0consiste en un puchero de porcelana o cazuela de barro con tapa, abrazado en su parte alta por un collar\u00edn con asas.<\/p><p>El cuerpo externo de la ollas ferroviarias es un cilindro al que se aplican varias inserciones: Una ventana en la parte m\u00e1s baja como tiro principal, una serie de perforaciones en la parte m\u00e1s alta para la salida de humos, un asa para su transporte y normalmente 3 patas para una correcta sujeci\u00f3n.<\/p><p>El fondo de este cilindro esta rematado por un cono con perforaciones y una parrilla donde se produce la combusti\u00f3n del carb\u00f3n para facilitar el tiro y la evacuaci\u00f3n de cenizas.<\/p><p>El puchero tomado por las asas del collar\u00edn se introduce en este cuerpo externo, quedando suspendido. As\u00ed el aire caliente de la combusti\u00f3n del carb\u00f3n est\u00e1 en contacto con el fondo y todo el contorno del puchero, antes de salir al exterior por las perforaciones de la parte alta.<br \/>El puchero rodeado de aire caliente a temperatura constante y no muy elevada, realiza una cocci\u00f3n lenta y garantiza el \u00e9xito culinario de las\u00a0<strong>Ollas Ferroviarias<\/strong>.<\/p>\t\t\t\t\t\t<\/div>\n\t\t\t\t<\/div>\n\t\t\t\t<\/div>\n\t\t\t\t<\/div>\n\t\t<div class=\"elementor-element elementor-element-31f23814 e-con-full animated-slow elementor-hidden-tablet elementor-hidden-mobile e-flex elementor-invisible e-con e-child\" data-id=\"31f23814\" data-element_type=\"container\" data-settings=\"{&quot;animation&quot;:&quot;fadeInUp&quot;,&quot;animation_delay&quot;:400,&quot;tc_dark_mode_responsive_hide_in_dark&quot;:&quot;no&quot;,&quot;tc_dark_mode_responsive_hide_in_light&quot;:&quot;no&quot;}\">\n\t\t\t\t<div class=\"elementor-element elementor-element-4dc781ae elementor-widget elementor-widget-image\" data-id=\"4dc781ae\" data-element_type=\"widget\" data-settings=\"{&quot;tc_dark_mode_responsive_hide_in_dark&quot;:&quot;no&quot;,&quot;tc_dark_mode_responsive_hide_in_light&quot;:&quot;no&quot;}\" data-widget_type=\"image.default\">\n\t\t\t\t<div class=\"elementor-widget-container\">\n\t\t\t\t\t\t\t\t\t\t\t\t\t<img loading=\"lazy\" decoding=\"async\" width=\"1100\" height=\"1067\" src=\"https:\/\/lacantinadevillalegre.es\/web\/wp-content\/uploads\/2024\/07\/Olla_ferroviaria.jpg\" class=\"attachment-full size-full wp-image-1851\" alt=\"\" \/>\t\t\t\t\t\t\t\t\t\t\t\t\t<\/div>\n\t\t\t\t<\/div>\n\t\t\t\t<div class=\"elementor-element elementor-element-46de125 elementor-widget elementor-widget-image\" data-id=\"46de125\" data-element_type=\"widget\" data-settings=\"{&quot;tc_dark_mode_responsive_hide_in_dark&quot;:&quot;no&quot;,&quot;tc_dark_mode_responsive_hide_in_light&quot;:&quot;no&quot;}\" data-widget_type=\"image.default\">\n\t\t\t\t<div class=\"elementor-widget-container\">\n\t\t\t\t\t\t\t\t\t\t\t\t\t<img loading=\"lazy\" decoding=\"async\" width=\"1080\" height=\"1080\" src=\"https:\/\/lacantinadevillalegre.es\/web\/wp-content\/uploads\/2024\/07\/imagen-producto-olla-ferroviaria-1.webp\" class=\"attachment-full size-full wp-image-1852\" alt=\"\" \/>\t\t\t\t\t\t\t\t\t\t\t\t\t<\/div>\n\t\t\t\t<\/div>\n\t\t\t\t<div class=\"elementor-element elementor-element-f3475a2 elementor-widget elementor-widget-image\" data-id=\"f3475a2\" data-element_type=\"widget\" data-settings=\"{&quot;tc_dark_mode_responsive_hide_in_dark&quot;:&quot;no&quot;,&quot;tc_dark_mode_responsive_hide_in_light&quot;:&quot;no&quot;}\" data-widget_type=\"image.default\">\n\t\t\t\t<div class=\"elementor-widget-container\">\n\t\t\t\t\t\t\t\t\t\t\t\t\t<img loading=\"lazy\" decoding=\"async\" width=\"750\" height=\"750\" src=\"https:\/\/lacantinadevillalegre.es\/web\/wp-content\/uploads\/2024\/07\/product-115-80.png\" class=\"attachment-full size-full wp-image-1853\" alt=\"\" \/>\t\t\t\t\t\t\t\t\t\t\t\t\t<\/div>\n\t\t\t\t<\/div>\n\t\t\t\t<\/div>\n\t\t\t\t<\/div>\n\t\t<div class=\"elementor-element elementor-element-3186014 e-con-full e-flex e-con e-child\" data-id=\"3186014\" data-element_type=\"container\" data-settings=\"{&quot;tc_dark_mode_responsive_hide_in_dark&quot;:&quot;no&quot;,&quot;tc_dark_mode_responsive_hide_in_light&quot;:&quot;no&quot;}\">\n\t\t<div class=\"elementor-element elementor-element-95b55d3 e-con-full animated-slow e-flex e-con e-child\" data-id=\"95b55d3\" data-element_type=\"container\" data-settings=\"{&quot;animation&quot;:&quot;none&quot;,&quot;animation_delay&quot;:300,&quot;tc_dark_mode_responsive_hide_in_dark&quot;:&quot;no&quot;,&quot;tc_dark_mode_responsive_hide_in_light&quot;:&quot;no&quot;}\">\n\t\t\t\t<div class=\"elementor-element elementor-element-aab0922 elementor-widget elementor-widget-image\" data-id=\"aab0922\" data-element_type=\"widget\" data-settings=\"{&quot;tc_dark_mode_responsive_hide_in_dark&quot;:&quot;no&quot;,&quot;tc_dark_mode_responsive_hide_in_light&quot;:&quot;no&quot;}\" data-widget_type=\"image.default\">\n\t\t\t\t<div class=\"elementor-widget-container\">\n\t\t\t\t\t\t\t\t\t\t\t\t\t<img loading=\"lazy\" decoding=\"async\" width=\"432\" height=\"340\" src=\"https:\/\/lacantinadevillalegre.es\/web\/wp-content\/uploads\/2024\/07\/trofeo_casaputxeras.png\" class=\"attachment-full size-full wp-image-2004\" alt=\"\" \/>\t\t\t\t\t\t\t\t\t\t\t\t\t<\/div>\n\t\t\t\t<\/div>\n\t\t\t\t<\/div>\n\t\t<div class=\"elementor-element elementor-element-f157895 e-con-full animated-slow e-flex e-con e-child\" data-id=\"f157895\" data-element_type=\"container\" data-settings=\"{&quot;animation&quot;:&quot;none&quot;,&quot;animation_delay&quot;:300,&quot;tc_dark_mode_responsive_hide_in_dark&quot;:&quot;no&quot;,&quot;tc_dark_mode_responsive_hide_in_light&quot;:&quot;no&quot;}\">\n\t\t\t\t<div class=\"elementor-element elementor-element-13d1ce5 elementor-widget elementor-widget-text-editor\" data-id=\"13d1ce5\" data-element_type=\"widget\" data-settings=\"{&quot;tc_dark_mode_responsive_hide_in_dark&quot;:&quot;no&quot;,&quot;tc_dark_mode_responsive_hide_in_light&quot;:&quot;no&quot;}\" data-widget_type=\"text-editor.default\">\n\t\t\t\t<div class=\"elementor-widget-container\">\n\t\t\t\t\t\t\t<p>Desde 2024 Pilar Meana es Embajadora de la Casa De La Putxera Ferroviaria en Asturias y Ferroviaria de pleno derecho por sus conocimientos de las Ollas Ferroviarias \/ Putxeras.<\/p>\t\t\t\t\t\t<\/div>\n\t\t\t\t<\/div>\n\t\t\t\t<div class=\"elementor-element elementor-element-4957f63 elementor-widget elementor-widget-image\" data-id=\"4957f63\" data-element_type=\"widget\" data-settings=\"{&quot;tc_dark_mode_responsive_hide_in_dark&quot;:&quot;no&quot;,&quot;tc_dark_mode_responsive_hide_in_light&quot;:&quot;no&quot;}\" data-widget_type=\"image.default\">\n\t\t\t\t<div class=\"elementor-widget-container\">\n\t\t\t\t\t\t\t\t\t\t\t\t\t<img loading=\"lazy\" decoding=\"async\" width=\"350\" height=\"204\" src=\"https:\/\/lacantinadevillalegre.es\/web\/wp-content\/uploads\/2024\/07\/lacasadelaputxera_350px.png\" class=\"attachment-full size-full wp-image-2007\" alt=\"\" \/>\t\t\t\t\t\t\t\t\t\t\t\t\t<\/div>\n\t\t\t\t<\/div>\n\t\t\t\t<\/div>\n\t\t\t\t<\/div>\n\t\t<div class=\"elementor-element elementor-element-73a7219 e-con-full e-flex e-con e-child\" data-id=\"73a7219\" data-element_type=\"container\" data-settings=\"{&quot;tc_dark_mode_responsive_hide_in_dark&quot;:&quot;no&quot;,&quot;tc_dark_mode_responsive_hide_in_light&quot;:&quot;no&quot;}\">\n\t\t<div class=\"elementor-element elementor-element-e2e6561 e-con-full animated-slow e-flex e-con e-child\" data-id=\"e2e6561\" data-element_type=\"container\" data-settings=\"{&quot;animation&quot;:&quot;none&quot;,&quot;animation_delay&quot;:300,&quot;tc_dark_mode_responsive_hide_in_dark&quot;:&quot;no&quot;,&quot;tc_dark_mode_responsive_hide_in_light&quot;:&quot;no&quot;}\">\n\t\t\t\t<div class=\"elementor-element elementor-element-a00dc08 elementor-widget elementor-widget-text-editor\" data-id=\"a00dc08\" data-element_type=\"widget\" data-settings=\"{&quot;tc_dark_mode_responsive_hide_in_dark&quot;:&quot;no&quot;,&quot;tc_dark_mode_responsive_hide_in_light&quot;:&quot;no&quot;}\" data-widget_type=\"text-editor.default\">\n\t\t\t\t<div class=\"elementor-widget-container\">\n\t\t\t\t\t\t\t<p><strong>La Cantina de Villalegre<\/strong> y <strong>Casa Repinaldo (Cand\u00e1s)<\/strong> se han unido en la denominada <strong>Alianza Asturiana de la Olla Ferroviaria<\/strong>, una iniciativa con la que se quiere dar a conocer este tipo de guiso. El pasado 19 de marzo, en Avil\u00e9s y en Cand\u00e1s se celebraron sendos actos para dar un paso m\u00e1s en la promoci\u00f3n de este plato.<\/p>\t\t\t\t\t\t<\/div>\n\t\t\t\t<\/div>\n\t\t\t\t<div class=\"elementor-element elementor-element-f7bb098 elementor-widget elementor-widget-video\" data-id=\"f7bb098\" data-element_type=\"widget\" data-settings=\"{&quot;video_type&quot;:&quot;hosted&quot;,&quot;controls&quot;:&quot;yes&quot;,&quot;tc_dark_mode_responsive_hide_in_dark&quot;:&quot;no&quot;,&quot;tc_dark_mode_responsive_hide_in_light&quot;:&quot;no&quot;}\" data-widget_type=\"video.default\">\n\t\t\t\t<div class=\"elementor-widget-container\">\n\t\t\t\t\t<div class=\"e-hosted-video elementor-wrapper elementor-open-inline\">\n\t\t\t\t\t<video class=\"elementor-video\" src=\"https:\/\/lacantinadevillalegre.es\/web\/wp-content\/uploads\/2024\/07\/video_alianzaasturiana.mp4\" controls=\"\" preload=\"metadata\" controlsList=\"nodownload\"><\/video>\n\t\t\t\t<\/div>\n\t\t\t\t<\/div>\n\t\t\t\t<\/div>\n\t\t\t\t<\/div>\n\t\t<div class=\"elementor-element elementor-element-eaa2e91 e-con-full e-flex e-con e-child\" data-id=\"eaa2e91\" data-element_type=\"container\" data-settings=\"{&quot;tc_dark_mode_responsive_hide_in_dark&quot;:&quot;no&quot;,&quot;tc_dark_mode_responsive_hide_in_light&quot;:&quot;no&quot;}\">\n\t\t\t\t<div class=\"elementor-element elementor-element-f88f8de elementor-widget elementor-widget-image\" data-id=\"f88f8de\" data-element_type=\"widget\" data-settings=\"{&quot;tc_dark_mode_responsive_hide_in_dark&quot;:&quot;no&quot;,&quot;tc_dark_mode_responsive_hide_in_light&quot;:&quot;no&quot;}\" data-widget_type=\"image.default\">\n\t\t\t\t<div class=\"elementor-widget-container\">\n\t\t\t\t\t\t\t\t\t\t\t\t\t<img loading=\"lazy\" decoding=\"async\" width=\"1148\" height=\"1333\" src=\"https:\/\/lacantinadevillalegre.es\/web\/wp-content\/uploads\/2024\/07\/alianzaasturiana_ollaferroviaria.png\" class=\"attachment-full size-full wp-image-2029\" alt=\"\" \/>\t\t\t\t\t\t\t\t\t\t\t\t\t<\/div>\n\t\t\t\t<\/div>\n\t\t\t\t<\/div>\n\t\t\t\t<\/div>\n\t\t<div class=\"elementor-element elementor-element-7de97ef e-con-full e-flex e-con e-child\" data-id=\"7de97ef\" data-element_type=\"container\" data-settings=\"{&quot;tc_dark_mode_responsive_hide_in_dark&quot;:&quot;no&quot;,&quot;tc_dark_mode_responsive_hide_in_light&quot;:&quot;no&quot;}\">\n\t\t<div class=\"elementor-element elementor-element-3829638 e-con-full e-flex e-con e-child\" data-id=\"3829638\" data-element_type=\"container\" data-settings=\"{&quot;tc_dark_mode_responsive_hide_in_dark&quot;:&quot;no&quot;,&quot;tc_dark_mode_responsive_hide_in_light&quot;:&quot;no&quot;}\">\n\t\t\t\t<div class=\"elementor-element elementor-element-30f7e6d elementor-widget elementor-widget-image\" data-id=\"30f7e6d\" data-element_type=\"widget\" data-settings=\"{&quot;tc_dark_mode_responsive_hide_in_dark&quot;:&quot;no&quot;,&quot;tc_dark_mode_responsive_hide_in_light&quot;:&quot;no&quot;}\" data-widget_type=\"image.default\">\n\t\t\t\t<div class=\"elementor-widget-container\">\n\t\t\t\t\t\t\t\t\t\t\t\t\t<img loading=\"lazy\" decoding=\"async\" width=\"1335\" height=\"1113\" src=\"https:\/\/lacantinadevillalegre.es\/web\/wp-content\/uploads\/2024\/07\/ollasolidaria.png\" class=\"attachment-full size-full wp-image-2039\" alt=\"\" \/>\t\t\t\t\t\t\t\t\t\t\t\t\t<\/div>\n\t\t\t\t<\/div>\n\t\t\t\t<\/div>\n\t\t<div class=\"elementor-element elementor-element-c534cbd e-con-full animated-slow e-flex e-con e-child\" data-id=\"c534cbd\" data-element_type=\"container\" data-settings=\"{&quot;animation&quot;:&quot;none&quot;,&quot;animation_delay&quot;:300,&quot;tc_dark_mode_responsive_hide_in_dark&quot;:&quot;no&quot;,&quot;tc_dark_mode_responsive_hide_in_light&quot;:&quot;no&quot;}\">\n\t\t\t\t<div class=\"elementor-element elementor-element-ae84b82 elementor-widget elementor-widget-text-editor\" data-id=\"ae84b82\" data-element_type=\"widget\" data-settings=\"{&quot;tc_dark_mode_responsive_hide_in_dark&quot;:&quot;no&quot;,&quot;tc_dark_mode_responsive_hide_in_light&quot;:&quot;no&quot;}\" data-widget_type=\"text-editor.default\">\n\t\t\t\t<div class=\"elementor-widget-container\">\n\t\t\t\t\t\t\t<p><span class=\"x193iq5w xeuugli x13faqbe x1vvkbs x1xmvt09 x1lliihq x1s928wv xhkezso x1gmr53x x1cpjm7i x1fgarty x1943h6x xudqn12 x3x7a5m x1f6kntn xvq8zen xo1l8bm xzsf02u\" dir=\"auto\">La Cantina de Villalegre, junto al <span class=\"html-span xdj266r x11i5rnm xat24cr x1mh8g0r xexx8yu x4uap5 x18d9i69 xkhd6sd x1hl2dhg x16tdsg8 x1vvkbs\">Ayuntamiento de Avil\u00e9s,<\/span> entregaron la primera <strong>Olla Solidaria<\/strong> al Albergue de personas sin hogar de Avil\u00e9s. Por iniciativa de nuestra cocinera Pilar Meana, se ha hecho entrega al centro de esta primera &#8216;olla solidaria&#8217; en reconocimiento de la labor que realizan tanto los trabajadores del centro como sus usuarios.<\/span><\/p>\t\t\t\t\t\t<\/div>\n\t\t\t\t<\/div>\n\t\t\t\t<div class=\"elementor-element elementor-element-5550d47 elementor-widget elementor-widget-video\" data-id=\"5550d47\" data-element_type=\"widget\" data-settings=\"{&quot;video_type&quot;:&quot;hosted&quot;,&quot;controls&quot;:&quot;yes&quot;,&quot;tc_dark_mode_responsive_hide_in_dark&quot;:&quot;no&quot;,&quot;tc_dark_mode_responsive_hide_in_light&quot;:&quot;no&quot;}\" data-widget_type=\"video.default\">\n\t\t\t\t<div class=\"elementor-widget-container\">\n\t\t\t\t\t<div class=\"e-hosted-video elementor-wrapper elementor-open-inline\">\n\t\t\t\t\t<video class=\"elementor-video\" src=\"https:\/\/lacantinadevillalegre.es\/web\/wp-content\/uploads\/2024\/07\/video_ollasolidaria2023.mp4\" controls=\"\" preload=\"metadata\" controlsList=\"nodownload\"><\/video>\n\t\t\t\t<\/div>\n\t\t\t\t<\/div>\n\t\t\t\t<\/div>\n\t\t\t\t<\/div>\n\t\t\t\t<\/div>\n\t\t<div class=\"elementor-element elementor-element-97121af e-con-full e-flex e-con e-child\" data-id=\"97121af\" data-element_type=\"container\" data-settings=\"{&quot;tc_dark_mode_responsive_hide_in_dark&quot;:&quot;no&quot;,&quot;tc_dark_mode_responsive_hide_in_light&quot;:&quot;no&quot;}\">\n\t\t<div class=\"elementor-element elementor-element-291a90a e-con-full animated-slow e-flex e-con e-child\" data-id=\"291a90a\" data-element_type=\"container\" data-settings=\"{&quot;animation&quot;:&quot;none&quot;,&quot;animation_delay&quot;:300,&quot;tc_dark_mode_responsive_hide_in_dark&quot;:&quot;no&quot;,&quot;tc_dark_mode_responsive_hide_in_light&quot;:&quot;no&quot;}\">\n\t\t\t\t<div class=\"elementor-element elementor-element-089738a elementor-widget elementor-widget-text-editor\" data-id=\"089738a\" data-element_type=\"widget\" data-settings=\"{&quot;tc_dark_mode_responsive_hide_in_dark&quot;:&quot;no&quot;,&quot;tc_dark_mode_responsive_hide_in_light&quot;:&quot;no&quot;}\" data-widget_type=\"text-editor.default\">\n\t\t\t\t<div class=\"elementor-widget-container\">\n\t\t\t\t\t\t\t<p>Nuestra chef Pilar Meana ha llevado un pedacito de nuestra pasi\u00f3n culinaria a esta emblem\u00e1tica celebraci\u00f3n gastron\u00f3mica. Con orgullo y gratitud, formamos parte de este evento que rinde homenaje a la tradici\u00f3n y al buen hacer.<br \/>\u00a1Gracias a Balmaseda y a la Cofrad\u00eda de la Putxera por mantener viva esta maravillosa tradici\u00f3n!<\/p>\t\t\t\t\t\t<\/div>\n\t\t\t\t<\/div>\n\t\t\t\t<div class=\"elementor-element elementor-element-2bf4cbf elementor-widget elementor-widget-video\" data-id=\"2bf4cbf\" data-element_type=\"widget\" data-settings=\"{&quot;video_type&quot;:&quot;hosted&quot;,&quot;controls&quot;:&quot;yes&quot;,&quot;tc_dark_mode_responsive_hide_in_dark&quot;:&quot;no&quot;,&quot;tc_dark_mode_responsive_hide_in_light&quot;:&quot;no&quot;}\" data-widget_type=\"video.default\">\n\t\t\t\t<div class=\"elementor-widget-container\">\n\t\t\t\t\t<div class=\"e-hosted-video elementor-wrapper elementor-open-inline\">\n\t\t\t\t\t<video class=\"elementor-video\" src=\"https:\/\/lacantinadevillalegre.es\/web\/wp-content\/uploads\/2024\/11\/LaCantinaWeb_Balmaseda.mp4\" controls=\"\" preload=\"metadata\" controlsList=\"nodownload\"><\/video>\n\t\t\t\t<\/div>\n\t\t\t\t<\/div>\n\t\t\t\t<\/div>\n\t\t\t\t<\/div>\n\t\t\t\t<\/div>\n\t\t\t\t\t<\/div>\n\t\t\t\t<\/div>\n\t\t\t\t<\/div>\n\t\t\t\t<\/div>\n\t\t\t\t<\/div>\n\t\t","protected":false},"excerpt":{"rendered":"<p>\u00bfQu\u00e9 es la Olla Ferroviaria? La Olla Ferroviaria se conoce como un artilugio rudimentario de metal que daba de comer a los ferroviarios de La Robla, que se convert\u00edan en cocineros de lujo a pie de and\u00e9n, en la estaci\u00f3n de 1\u00aa categor\u00eda de Mataporquera. Fue en el tren de La Robla (Ferrocarril Bilbao-La Robla), inaugurado en 1894, donde se &hellip;<\/p>\n","protected":false},"author":1,"featured_media":0,"parent":0,"menu_order":0,"comment_status":"closed","ping_status":"closed","template":"blank-builder.php","meta":{"_monsterinsights_skip_tracking":false,"_monsterinsights_sitenote_active":false,"_monsterinsights_sitenote_note":"","_monsterinsights_sitenote_category":0,"footnotes":""},"class_list":["post-1741","page","type-page","status-publish","hentry"],"aioseo_notices":[],"_links":{"self":[{"href":"https:\/\/lacantinadevillalegre.es\/web\/wp-json\/wp\/v2\/pages\/1741","targetHints":{"allow":["GET"]}}],"collection":[{"href":"https:\/\/lacantinadevillalegre.es\/web\/wp-json\/wp\/v2\/pages"}],"about":[{"href":"https:\/\/lacantinadevillalegre.es\/web\/wp-json\/wp\/v2\/types\/page"}],"author":[{"embeddable":true,"href":"https:\/\/lacantinadevillalegre.es\/web\/wp-json\/wp\/v2\/users\/1"}],"replies":[{"embeddable":true,"href":"https:\/\/lacantinadevillalegre.es\/web\/wp-json\/wp\/v2\/comments?post=1741"}],"version-history":[{"count":64,"href":"https:\/\/lacantinadevillalegre.es\/web\/wp-json\/wp\/v2\/pages\/1741\/revisions"}],"predecessor-version":[{"id":2106,"href":"https:\/\/lacantinadevillalegre.es\/web\/wp-json\/wp\/v2\/pages\/1741\/revisions\/2106"}],"wp:attachment":[{"href":"https:\/\/lacantinadevillalegre.es\/web\/wp-json\/wp\/v2\/media?parent=1741"}],"curies":[{"name":"wp","href":"https:\/\/api.w.org\/{rel}","templated":true}]}}